{"id":20,"date":"2023-10-06T17:34:46","date_gmt":"2023-10-06T15:34:46","guid":{"rendered":"https:\/\/baptiste-chloe-mariage2024.fr\/?page_id=20"},"modified":"2023-10-14T15:53:34","modified_gmt":"2023-10-14T13:53:34","slug":"liste-de-mariage","status":"publish","type":"page","link":"https:\/\/baptiste-chloe-mariage2024.fr\/?page_id=20","title":{"rendered":"Liste de mariage"},"content":{"rendered":"<div id=\"dslc-content\" class=\"dslc-content dslc-clearfix\"><div id=\"dslc-main\">\r\n\t\t<div  class=\"dslc-modules-section  dslc-init-parallax  dslc-full  dslc-no-columns-spacing \" style=\"padding-bottom:250px;padding-top:250px;padding-left:30%;padding-right:30%;background-image:url(https:\/\/baptiste-chloe-mariage2024.fr\/wp-content\/uploads\/2023\/10\/MD_05326-scaled.jpg);background-repeat:no-repeat;background-position:center center;background-attachment:parallax;background-size:cover;\" data-section-id=\"db3af8db2d0\">\r\n\t\t\t\t\r\n\t\t\t\t\r\n\t\t\t\t<div class=\"dslc-modules-section-wrapper dslc-clearfix\"><div class=\"dslc-modules-area dslc-col dslc-12-col dslc-last-col dslc-valign- \" data-size=\"12\" data-valign=\"\"><\/div><\/div><\/div>\r\n\t\t<div  class=\"dslc-modules-section  dslc-full  dslc-no-columns-spacing \" style=\"padding-bottom:40px;padding-top:40px;padding-left:20%;padding-right:20%;\" data-section-id=\"72eb6317666\">\r\n\t\t\t\t\r\n\t\t\t\t\r\n\t\t\t\t<div class=\"dslc-modules-section-wrapper dslc-clearfix\"><div class=\"dslc-modules-area dslc-col dslc-12-col dslc-last-col dslc-valign- \" data-size=\"12\" data-valign=\"\">\r\n\t\t<div id=\"dslc-module-a019c6b08f7\" class=\"dslc-module-front dslc-module-DSLC_Image dslc-in-viewport-check dslc-in-viewport-anim-none  dslc-col dslc-12-col dslc-last-col  dslc-module-handle-like-regular \" data-module-id=\"a019c6b08f7\" data-module=\"DSLC_Image\" data-dslc-module-size=\"12\" data-dslc-anim=\"none\" data-dslc-anim-delay=\"\" data-dslc-anim-duration=\"650\"  data-dslc-anim-easing=\"ease\" data-dslc-preset=\"none\" >\r\n\r\n\t\t\t\r\n\t\t\t\r\n\t\t\t\t<div class=\"dslc-image-container\">\r\n\t\t<div class=\"dslc-image\">\r\n\r\n\t\t\t\r\n\t\t\t\t\r\n\t\t\t\t\t\t\t\t\t<img src=\"https:\/\/baptiste-chloe-mariage2024.fr\/wp-content\/uploads\/2023\/10\/fleurs_site_horizontale.jpg\" alt=\"\" title=\"\" srcset=\"https:\/\/baptiste-chloe-mariage2024.fr\/wp-content\/uploads\/2023\/10\/fleurs_site_horizontale.jpg 1390w, https:\/\/baptiste-chloe-mariage2024.fr\/wp-content\/uploads\/2023\/10\/fleurs_site_horizontale-300x83.jpg 300w, https:\/\/baptiste-chloe-mariage2024.fr\/wp-content\/uploads\/2023\/10\/fleurs_site_horizontale-1024x284.jpg 1024w, https:\/\/baptiste-chloe-mariage2024.fr\/wp-content\/uploads\/2023\/10\/fleurs_site_horizontale-768x213.jpg 768w\" sizes=\"(max-width: 1390px) 100vw, 1390px\" \/>\r\n\t\t\t\t\r\n\t\t\t\t\t\t\t\t\t<\/div><!-- .dslc-image -->\r\n\t\t<\/div>\r\n\t\t\r\n\t\t\t\t<\/div><!-- .dslc-module -->\r\n\t\t\r\n\t\t<div id=\"dslc-module-ad25baa4345\" class=\"dslc-module-front dslc-module-DSLC_Text_Simple dslc-in-viewport-check dslc-in-viewport-anim-none  dslc-col dslc-12-col dslc-last-col  dslc-module-handle-like-regular \" data-module-id=\"ad25baa4345\" data-module=\"DSLC_Text_Simple\" data-dslc-module-size=\"12\" data-dslc-anim=\"none\" data-dslc-anim-delay=\"\" data-dslc-anim-duration=\"650\"  data-dslc-anim-easing=\"ease\" data-dslc-preset=\"none\" >\r\n\r\n\t\t\t\r\n\t\t\t\r\n\t\t\r\n\t\t<div class=\"dslc-text-module-content\">\r\n\t\t\t<h1>\u00a0<\/h1><h1 style=\"text-align: center;\">Liste de mariage<\/h1><p style=\"text-align: center;\">\u00a0<\/p><p style=\"text-align: center;\">\u00a0<\/p><p style=\"text-align: center;\"><span id=\"p10\">Jeux de soci\u00e9t\u00e9, livres, plantes, vaisselles, meubles, \u00e9lectrom\u00e9nager, et m\u00eame un chat.<\/span><span id=\"p9\"> Comme vous le savez, nous avons d\u00e9j\u00e0 une maison bien remplie !<\/span><span id=\"p2\"> C'est pour cela que nous n'avons pas fait de liste de mariage.<\/span><\/p><p style=\"text-align: center;\"><span id=\"p3\">Vous le savez aussi, nous aimons beaucoup voyager.<\/span><span id=\"p4\"> Nous avons le projet de d\u00e9couvrir un peu plus le monde \u00e0 l'occasion de notre lune de miel.<\/span><span id=\"p5\"> Alors si le c\u0153ur vous en dit, une participation sera la bienvenue pour nous aider \u00e0 r\u00e9aliser notre r\u00eave.<\/span><\/p><p>\u00a0<\/p>\t\t<\/div>\r\n\r\n\t\t\r\n\t\t\t\t<\/div><!-- .dslc-module -->\r\n\t\t<\/div><\/div><\/div>\r\n\t\t<div  class=\"dslc-modules-section \" style=\"\" data-section-id=\"645333a1aae\">\r\n\t\t\t\t\r\n\t\t\t\t\r\n\t\t\t\t<div class=\"dslc-modules-section-wrapper dslc-clearfix\"><div class=\"dslc-modules-area dslc-col dslc-12-col dslc-last-col dslc-valign- \" data-size=\"12\" data-valign=\"\">\r\n\t\t<div id=\"dslc-module-9a3c05a0305\" class=\"dslc-module-front dslc-module-DSLC_Image dslc-in-viewport-check dslc-in-viewport-anim-none  dslc-col dslc-4-col  dslc-module-handle-like-regular \" data-module-id=\"9a3c05a0305\" data-module=\"DSLC_Image\" data-dslc-module-size=\"4\" data-dslc-anim=\"none\" data-dslc-anim-delay=\"\" data-dslc-anim-duration=\"650\"  data-dslc-anim-easing=\"ease\" data-dslc-preset=\"none\" >\r\n\r\n\t\t\t\r\n\t\t\t\r\n\t\t\t\t<div class=\"dslc-image-container\">\r\n\t\t<div class=\"dslc-image\">\r\n\r\n\t\t\t\r\n\t\t\t\t\r\n\t\t\t\t\t\t\t\t\t<img src=\"https:\/\/baptiste-chloe-mariage2024.fr\/wp-content\/uploads\/2023\/10\/family.jpg\" alt=\"\" title=\"\" srcset=\"https:\/\/baptiste-chloe-mariage2024.fr\/wp-content\/uploads\/2023\/10\/family.jpg 812w, https:\/\/baptiste-chloe-mariage2024.fr\/wp-content\/uploads\/2023\/10\/family-297x300.jpg 297w, https:\/\/baptiste-chloe-mariage2024.fr\/wp-content\/uploads\/2023\/10\/family-150x150.jpg 150w, https:\/\/baptiste-chloe-mariage2024.fr\/wp-content\/uploads\/2023\/10\/family-768x776.jpg 768w\" sizes=\"(max-width: 812px) 100vw, 812px\" \/>\r\n\t\t\t\t\r\n\t\t\t\t\t\t\t\t\t<\/div><!-- .dslc-image -->\r\n\t\t<\/div>\r\n\t\t\r\n\t\t\t\t<\/div><!-- .dslc-module -->\r\n\t\t\r\n\t\t<div id=\"dslc-module-bd1691n57os\" class=\"dslc-module-front dslc-module-DSLC_Image dslc-in-viewport-check dslc-in-viewport-anim-none  dslc-col dslc-4-col  dslc-module-handle-like-regular \" data-module-id=\"bd1691n57os\" data-module=\"DSLC_Image\" data-dslc-module-size=\"4\" data-dslc-anim=\"none\" data-dslc-anim-delay=\"\" data-dslc-anim-duration=\"650\"  data-dslc-anim-easing=\"ease\" data-dslc-preset=\"none\" >\r\n\r\n\t\t\t\r\n\t\t\t\r\n\t\t\t\t<div class=\"dslc-image-container\">\r\n\t\t<div class=\"dslc-image\">\r\n\r\n\t\t\t\r\n\t\t\t\t\r\n\t\t\t\t\t\t\t\t\t<img src=\"https:\/\/baptiste-chloe-mariage2024.fr\/wp-content\/uploads\/2023\/10\/bretagne_couple.jpg\" alt=\"\" title=\"\" srcset=\"https:\/\/baptiste-chloe-mariage2024.fr\/wp-content\/uploads\/2023\/10\/bretagne_couple.jpg 812w, https:\/\/baptiste-chloe-mariage2024.fr\/wp-content\/uploads\/2023\/10\/bretagne_couple-297x300.jpg 297w, https:\/\/baptiste-chloe-mariage2024.fr\/wp-content\/uploads\/2023\/10\/bretagne_couple-150x150.jpg 150w, https:\/\/baptiste-chloe-mariage2024.fr\/wp-content\/uploads\/2023\/10\/bretagne_couple-768x776.jpg 768w\" sizes=\"(max-width: 812px) 100vw, 812px\" \/>\r\n\t\t\t\t\r\n\t\t\t\t\t\t\t\t\t<\/div><!-- .dslc-image -->\r\n\t\t<\/div>\r\n\t\t\r\n\t\t\t\t<\/div><!-- .dslc-module -->\r\n\t\t\r\n\t\t<div id=\"dslc-module-cj8d49q6vfg\" class=\"dslc-module-front dslc-module-DSLC_Image dslc-in-viewport-check dslc-in-viewport-anim-none  dslc-col dslc-4-col dslc-last-col  dslc-module-handle-like-regular \" data-module-id=\"cj8d49q6vfg\" data-module=\"DSLC_Image\" data-dslc-module-size=\"4\" data-dslc-anim=\"none\" data-dslc-anim-delay=\"\" data-dslc-anim-duration=\"650\"  data-dslc-anim-easing=\"ease\" data-dslc-preset=\"none\" >\r\n\r\n\t\t\t\r\n\t\t\t\r\n\t\t\t\t<div class=\"dslc-image-container\">\r\n\t\t<div class=\"dslc-image\">\r\n\r\n\t\t\t\r\n\t\t\t\t\r\n\t\t\t\t\t\t\t\t\t<img src=\"https:\/\/baptiste-chloe-mariage2024.fr\/wp-content\/uploads\/2023\/10\/portugal_couple.jpg\" alt=\"\" title=\"\" srcset=\"https:\/\/baptiste-chloe-mariage2024.fr\/wp-content\/uploads\/2023\/10\/portugal_couple.jpg 812w, https:\/\/baptiste-chloe-mariage2024.fr\/wp-content\/uploads\/2023\/10\/portugal_couple-297x300.jpg 297w, https:\/\/baptiste-chloe-mariage2024.fr\/wp-content\/uploads\/2023\/10\/portugal_couple-150x150.jpg 150w, https:\/\/baptiste-chloe-mariage2024.fr\/wp-content\/uploads\/2023\/10\/portugal_couple-768x776.jpg 768w\" sizes=\"(max-width: 812px) 100vw, 812px\" \/>\r\n\t\t\t\t\r\n\t\t\t\t\t\t\t\t\t<\/div><!-- .dslc-image -->\r\n\t\t<\/div>\r\n\t\t\r\n\t\t\t\t<\/div><!-- .dslc-module -->\r\n\t\t<\/div><\/div><\/div><\/div><\/div>","protected":false},"excerpt":{"rendered":"<p>\u00a0Liste de mariage\u00a0\u00a0Jeux de soci\u00e9t\u00e9, livres, plantes, vaisselles, meubles, \u00e9lectrom\u00e9nager, et m\u00eame un chat. Comme vous le savez, nous avons d\u00e9j\u00e0 une maison bien remplie ! C&#8217;est pour cela que nous n&#8217;avons pas fait de liste de mariage.Vous le savez aussi, nous aimons beaucoup voyager. Nous avons le projet de d\u00e9couvrir un peu plus le &#8230; <a title=\"Liste de mariage\" class=\"read-more\" href=\"https:\/\/baptiste-chloe-mariage2024.fr\/?page_id=20\" aria-label=\"More on Liste de mariage\">Read more<\/a><\/p>\n","protected":false},"author":1,"featured_media":0,"parent":0,"menu_order":0,"comment_status":"closed","ping_status":"closed","template":"","meta":{"footnotes":""},"class_list":["post-20","page","type-page","status-publish"],"_links":{"self":[{"href":"https:\/\/baptiste-chloe-mariage2024.fr\/index.php?rest_route=\/wp\/v2\/pages\/20","targetHints":{"allow":["GET"]}}],"collection":[{"href":"https:\/\/baptiste-chloe-mariage2024.fr\/index.php?rest_route=\/wp\/v2\/pages"}],"about":[{"href":"https:\/\/baptiste-chloe-mariage2024.fr\/index.php?rest_route=\/wp\/v2\/types\/page"}],"author":[{"embeddable":true,"href":"https:\/\/baptiste-chloe-mariage2024.fr\/index.php?rest_route=\/wp\/v2\/users\/1"}],"replies":[{"embeddable":true,"href":"https:\/\/baptiste-chloe-mariage2024.fr\/index.php?rest_route=%2Fwp%2Fv2%2Fcomments&post=20"}],"version-history":[{"count":1,"href":"https:\/\/baptiste-chloe-mariage2024.fr\/index.php?rest_route=\/wp\/v2\/pages\/20\/revisions"}],"predecessor-version":[{"id":21,"href":"https:\/\/baptiste-chloe-mariage2024.fr\/index.php?rest_route=\/wp\/v2\/pages\/20\/revisions\/21"}],"wp:attachment":[{"href":"https:\/\/baptiste-chloe-mariage2024.fr\/index.php?rest_route=%2Fwp%2Fv2%2Fmedia&parent=20"}],"curies":[{"name":"wp","href":"https:\/\/api.w.org\/{rel}","templated":true}]}}