{"id":22,"date":"2023-10-06T17:35:03","date_gmt":"2023-10-06T15:35:03","guid":{"rendered":"https:\/\/baptiste-chloe-mariage2024.fr\/?page_id=22"},"modified":"2023-10-14T15:39:15","modified_gmt":"2023-10-14T13:39:15","slug":"infos-pratiques","status":"publish","type":"page","link":"https:\/\/baptiste-chloe-mariage2024.fr\/?page_id=22","title":{"rendered":"Infos pratiques"},"content":{"rendered":"<div id=\"dslc-content\" class=\"dslc-content dslc-clearfix\"><div id=\"dslc-main\">\r\n\t\t<div  class=\"dslc-modules-section  dslc-init-parallax  dslc-full  dslc-no-columns-spacing \" style=\"padding-bottom:250px;padding-top:250px;padding-left:30%;padding-right:30%;background-image:url(https:\/\/baptiste-chloe-mariage2024.fr\/wp-content\/uploads\/2023\/10\/MD_05326-scaled.jpg);background-repeat:no-repeat;background-position:center center;background-attachment:parallax;background-size:cover;\" data-section-id=\"77846416e17\">\r\n\t\t\t\t\r\n\t\t\t\t\r\n\t\t\t\t<div class=\"dslc-modules-section-wrapper dslc-clearfix\"><div class=\"dslc-modules-area dslc-col dslc-12-col dslc-last-col dslc-valign- \" data-size=\"12\" data-valign=\"\"><\/div><\/div><\/div>\r\n\t\t<div  class=\"dslc-modules-section  dslc-full  dslc-no-columns-spacing \" style=\"padding-bottom:40px;padding-top:40px;padding-left:16%;padding-right:16%;\" data-section-id=\"d84344a26f6\">\r\n\t\t\t\t\r\n\t\t\t\t\r\n\t\t\t\t<div class=\"dslc-modules-section-wrapper dslc-clearfix\"><div class=\"dslc-modules-area dslc-col dslc-12-col dslc-last-col dslc-valign- \" data-size=\"12\" data-valign=\"\">\r\n\t\t<div id=\"dslc-module-df42b9f126f\" class=\"dslc-module-front dslc-module-DSLC_Image dslc-in-viewport-check dslc-in-viewport-anim-none  dslc-col dslc-3-col  dslc-module-handle-like-regular \" data-module-id=\"df42b9f126f\" data-module=\"DSLC_Image\" data-dslc-module-size=\"3\" data-dslc-anim=\"none\" data-dslc-anim-delay=\"\" data-dslc-anim-duration=\"650\"  data-dslc-anim-easing=\"ease\" data-dslc-preset=\"none\" >\r\n\r\n\t\t\t\r\n\t\t\t\r\n\t\t\t\t<div class=\"dslc-image-container\">\r\n\t\t<div class=\"dslc-image\">\r\n\r\n\t\t\t\r\n\t\t\t\t\r\n\t\t\t\t\t\t\t\t\t<img src=\"https:\/\/baptiste-chloe-mariage2024.fr\/wp-content\/uploads\/2023\/10\/fleurs_site_internet.jpg\" alt=\"\" title=\"\" srcset=\"https:\/\/baptiste-chloe-mariage2024.fr\/wp-content\/uploads\/2023\/10\/fleurs_site_internet.jpg 385w, https:\/\/baptiste-chloe-mariage2024.fr\/wp-content\/uploads\/2023\/10\/fleurs_site_internet-125x300.jpg 125w\" sizes=\"(max-width: 385px) 100vw, 385px\" \/>\r\n\t\t\t\t\r\n\t\t\t\t\t\t\t\t\t<\/div><!-- .dslc-image -->\r\n\t\t<\/div>\r\n\t\t\r\n\t\t\t\t<\/div><!-- .dslc-module -->\r\n\t\t\r\n\t\t<div id=\"dslc-module-08ffcfaeda2\" class=\"dslc-module-front dslc-module-DSLC_Text_Simple dslc-in-viewport-check dslc-in-viewport-anim-none  dslc-col dslc-6-col  dslc-module-handle-like-regular \" data-module-id=\"08ffcfaeda2\" data-module=\"DSLC_Text_Simple\" data-dslc-module-size=\"6\" data-dslc-anim=\"none\" data-dslc-anim-delay=\"\" data-dslc-anim-duration=\"650\"  data-dslc-anim-easing=\"ease\" data-dslc-preset=\"none\" >\r\n\r\n\t\t\t\r\n\t\t\t\r\n\t\t\r\n\t\t<div class=\"dslc-text-module-content\">\r\n\t\t\t<h1 style=\"text-align: center;\">Info pratique<\/h1><p>\u00a0<\/p><h2 class=\"wp-block-heading has-text-align-center\" style=\"text-align: center;\">Messe<\/h2><p class=\"has-text-align-center\" style=\"text-align: center;\">La c\u00e9l\u00e9bration aura lieu \u00e0 l\u2019\u00e9glise <a href=\"https:\/\/www.google.com\/maps\/place\/%C3%89glise+Notre-Dame+de+Gr%C3%A2ce+de+Loos\/@50.6174908,3.0131289,16.56z\/data=!4m6!3m5!1s0x47c2d538353985a1:0xe5c566d9ba8f8916!8m2!3d50.6171756!4d3.0140724!16s%2Fg%2F11byxfb257?entry=ttu\" target=\"_blank\" rel=\"noreferrer noopener\">Notre-Dame-De-Grace \u00e0 Loos.<\/a><\/p><p style=\"text-align: center;\">1 Pl. Carnot, 59120 Loos<\/p><p style=\"text-align: center;\">La messe d\u00e9butera \u00e0 14h30.<\/p><p>\u00a0<\/p><h2 class=\"wp-block-heading has-text-align-center\" style=\"text-align: center;\">R\u00e9ception<\/h2><p class=\"has-text-align-center\" style=\"text-align: center;\">Le vin d'honneur ainsi que le repas se d\u00e9rouleront au <a href=\"https:\/\/www.google.com\/maps\/place\/Ch%C3%A2teau\/@50.6518649,3.3366215,16.82z\/data=!4m10!1m2!2m1!1sch%C3%A2teau+de+Ramegnies-Chin+%C3%A0+Tournai!3m6!1s0x47c3208ca38585c9:0xf91fc0db189b3122!8m2!3d50.6514506!4d3.3377067!15sCiVjaMOidGVhdSBkZSBSYW1lZ25pZXMtQ2hpbiDDoCBUb3VybmFpWiciJWNow6J0ZWF1IGRlIHJhbWVnbmllcyBjaGluIMOgIHRvdXJuYWmSAQZjYXN0bGWaASRDaGREU1VoTk1HOW5TMFZKUTBGblNVUjFiWFJMYTI1blJSQULgAQA!16s%2Fg%2F1tjxdtny?entry=ttu\" target=\"_blank\" rel=\"noreferrer noopener\">ch\u00e2teau de Ramegnies-Chin \u00e0 Tournai<\/a> en Belgique.<\/p><p style=\"text-align: center;\">Rue Norbert Bouzin, 7500 Tournai, Belgique<\/p><p class=\"has-text-align-center\" style=\"text-align: center;\">Il vous faudra 30 minutes en voiture pour vous rendre au ch\u00e2teau depuis l'\u00e9glise.<\/p>\t\t<\/div>\r\n\r\n\t\t\r\n\t\t\t\t<\/div><!-- .dslc-module -->\r\n\t\t\r\n\t\t<div id=\"dslc-module-6597567e871\" class=\"dslc-module-front dslc-module-DSLC_Image dslc-in-viewport-check dslc-in-viewport-anim-none  dslc-col dslc-3-col dslc-last-col  dslc-module-handle-like-regular \" data-module-id=\"6597567e871\" data-module=\"DSLC_Image\" data-dslc-module-size=\"3\" data-dslc-anim=\"none\" data-dslc-anim-delay=\"\" data-dslc-anim-duration=\"650\"  data-dslc-anim-easing=\"ease\" data-dslc-preset=\"none\" >\r\n\r\n\t\t\t\r\n\t\t\t\r\n\t\t\t\t<div class=\"dslc-image-container\">\r\n\t\t<div class=\"dslc-image\">\r\n\r\n\t\t\t\r\n\t\t\t\t\r\n\t\t\t\t\t\t\t\t\t<img src=\"https:\/\/baptiste-chloe-mariage2024.fr\/wp-content\/uploads\/2023\/10\/fleurs_site_internet2.jpg\" alt=\"\" title=\"\" srcset=\"https:\/\/baptiste-chloe-mariage2024.fr\/wp-content\/uploads\/2023\/10\/fleurs_site_internet2.jpg 385w, https:\/\/baptiste-chloe-mariage2024.fr\/wp-content\/uploads\/2023\/10\/fleurs_site_internet2-125x300.jpg 125w\" sizes=\"(max-width: 385px) 100vw, 385px\" \/>\r\n\t\t\t\t\r\n\t\t\t\t\t\t\t\t\t<\/div><!-- .dslc-image -->\r\n\t\t<\/div>\r\n\t\t\r\n\t\t\t\t<\/div><!-- .dslc-module -->\r\n\t\t<\/div><\/div><\/div>\r\n\t\t<div  class=\"dslc-modules-section \" style=\"\" data-section-id=\"e3c892a6e02\">\r\n\t\t\t\t\r\n\t\t\t\t\r\n\t\t\t\t<div class=\"dslc-modules-section-wrapper dslc-clearfix\"><div class=\"dslc-modules-area dslc-col dslc-12-col dslc-last-col dslc-valign- \" data-size=\"12\" data-valign=\"\">\r\n\t\t<div id=\"dslc-module-8vkdo29ots4\" class=\"dslc-module-front dslc-module-DSLC_Image dslc-in-viewport-check dslc-in-viewport-anim-none  dslc-col dslc-6-col  dslc-module-handle-like-regular \" data-module-id=\"8vkdo29ots4\" data-module=\"DSLC_Image\" data-dslc-module-size=\"6\" data-dslc-anim=\"none\" data-dslc-anim-delay=\"\" data-dslc-anim-duration=\"650\"  data-dslc-anim-easing=\"ease\" data-dslc-preset=\"none\" >\r\n\r\n\t\t\t\r\n\t\t\t\r\n\t\t\t\t<div class=\"dslc-image-container\">\r\n\t\t<div class=\"dslc-image\">\r\n\r\n\t\t\t\r\n\t\t\t\t\r\n\t\t\t\t\t\t\t\t\t<img src=\"https:\/\/baptiste-chloe-mariage2024.fr\/wp-content\/uploads\/2023\/10\/eglise_loos.jpg\" alt=\"\" title=\"\" srcset=\"https:\/\/baptiste-chloe-mariage2024.fr\/wp-content\/uploads\/2023\/10\/eglise_loos.jpg 900w, https:\/\/baptiste-chloe-mariage2024.fr\/wp-content\/uploads\/2023\/10\/eglise_loos-300x200.jpg 300w, https:\/\/baptiste-chloe-mariage2024.fr\/wp-content\/uploads\/2023\/10\/eglise_loos-768x512.jpg 768w\" sizes=\"(max-width: 900px) 100vw, 900px\" \/>\r\n\t\t\t\t\r\n\t\t\t\t\t\t\t\t\t<\/div><!-- .dslc-image -->\r\n\t\t<\/div>\r\n\t\t\r\n\t\t\t\t<\/div><!-- .dslc-module -->\r\n\t\t\r\n\t\t<div id=\"dslc-module-6a55178c305\" class=\"dslc-module-front dslc-module-DSLC_Image dslc-in-viewport-check dslc-in-viewport-anim-none  dslc-col dslc-6-col dslc-last-col  dslc-module-handle-like-regular \" data-module-id=\"6a55178c305\" data-module=\"DSLC_Image\" data-dslc-module-size=\"6\" data-dslc-anim=\"none\" data-dslc-anim-delay=\"\" data-dslc-anim-duration=\"650\"  data-dslc-anim-easing=\"ease\" data-dslc-preset=\"none\" >\r\n\r\n\t\t\t\r\n\t\t\t\r\n\t\t\t\t<div class=\"dslc-image-container\">\r\n\t\t<div class=\"dslc-image\">\r\n\r\n\t\t\t\r\n\t\t\t\t\r\n\t\t\t\t\t\t\t\t\t<img src=\"https:\/\/baptiste-chloe-mariage2024.fr\/wp-content\/uploads\/2023\/10\/4.webp\" alt=\"\" title=\"\" srcset=\"https:\/\/baptiste-chloe-mariage2024.fr\/wp-content\/uploads\/2023\/10\/4.webp 900w, https:\/\/baptiste-chloe-mariage2024.fr\/wp-content\/uploads\/2023\/10\/4-300x200.webp 300w, https:\/\/baptiste-chloe-mariage2024.fr\/wp-content\/uploads\/2023\/10\/4-768x512.webp 768w\" sizes=\"(max-width: 900px) 100vw, 900px\" \/>\r\n\t\t\t\t\r\n\t\t\t\t\t\t\t\t\t<\/div><!-- .dslc-image -->\r\n\t\t<\/div>\r\n\t\t\r\n\t\t\t\t<\/div><!-- .dslc-module -->\r\n\t\t<\/div><\/div><\/div><\/div><\/div>","protected":false},"excerpt":{"rendered":"<p>Info pratique\u00a0MesseLa c\u00e9l\u00e9bration aura lieu \u00e0 l\u2019\u00e9glise Notre-Dame-De-Grace \u00e0 Loos.1 Pl. Carnot, 59120 LoosLa messe d\u00e9butera \u00e0 14h30.\u00a0R\u00e9ceptionLe vin d&#8217;honneur ainsi que le repas se d\u00e9rouleront au ch\u00e2teau de Ramegnies-Chin \u00e0 Tournai en Belgique.Rue Norbert Bouzin, 7500 Tournai, BelgiqueIl vous faudra 30 minutes en voiture pour vous rendre au ch\u00e2teau depuis l&#8217;\u00e9glise.<\/p>\n","protected":false},"author":1,"featured_media":0,"parent":0,"menu_order":0,"comment_status":"closed","ping_status":"closed","template":"","meta":{"footnotes":""},"class_list":["post-22","page","type-page","status-publish"],"_links":{"self":[{"href":"https:\/\/baptiste-chloe-mariage2024.fr\/index.php?rest_route=\/wp\/v2\/pages\/22","targetHints":{"allow":["GET"]}}],"collection":[{"href":"https:\/\/baptiste-chloe-mariage2024.fr\/index.php?rest_route=\/wp\/v2\/pages"}],"about":[{"href":"https:\/\/baptiste-chloe-mariage2024.fr\/index.php?rest_route=\/wp\/v2\/types\/page"}],"author":[{"embeddable":true,"href":"https:\/\/baptiste-chloe-mariage2024.fr\/index.php?rest_route=\/wp\/v2\/users\/1"}],"replies":[{"embeddable":true,"href":"https:\/\/baptiste-chloe-mariage2024.fr\/index.php?rest_route=%2Fwp%2Fv2%2Fcomments&post=22"}],"version-history":[{"count":1,"href":"https:\/\/baptiste-chloe-mariage2024.fr\/index.php?rest_route=\/wp\/v2\/pages\/22\/revisions"}],"predecessor-version":[{"id":23,"href":"https:\/\/baptiste-chloe-mariage2024.fr\/index.php?rest_route=\/wp\/v2\/pages\/22\/revisions\/23"}],"wp:attachment":[{"href":"https:\/\/baptiste-chloe-mariage2024.fr\/index.php?rest_route=%2Fwp%2Fv2%2Fmedia&parent=22"}],"curies":[{"name":"wp","href":"https:\/\/api.w.org\/{rel}","templated":true}]}}