{"id":33,"date":"2023-10-06T17:49:43","date_gmt":"2023-10-06T15:49:43","guid":{"rendered":"https:\/\/baptiste-chloe-mariage2024.fr\/?page_id=33"},"modified":"2023-10-14T15:27:11","modified_gmt":"2023-10-14T13:27:11","slug":"dress-code","status":"publish","type":"page","link":"https:\/\/baptiste-chloe-mariage2024.fr\/?page_id=33","title":{"rendered":"Dress code"},"content":{"rendered":"<div id=\"dslc-content\" class=\"dslc-content dslc-clearfix\"><div id=\"dslc-main\">\r\n\t\t<div  class=\"dslc-modules-section  dslc-init-parallax  dslc-full  dslc-no-columns-spacing \" style=\"padding-bottom:250px;padding-top:250px;padding-left:30%;padding-right:30%;background-image:url(https:\/\/baptiste-chloe-mariage2024.fr\/wp-content\/uploads\/2023\/10\/MD_05326-scaled.jpg);background-repeat:no-repeat;background-position:center center;background-attachment:parallax;background-size:cover;\" data-section-id=\"179c8dad671\">\r\n\t\t\t\t\r\n\t\t\t\t\r\n\t\t\t\t<div class=\"dslc-modules-section-wrapper dslc-clearfix\"><div class=\"dslc-modules-area dslc-col dslc-12-col dslc-last-col dslc-valign- \" data-size=\"12\" data-valign=\"\"><\/div><\/div><\/div>\r\n\t\t<div  class=\"dslc-modules-section  dslc-full  dslc-no-columns-spacing \" style=\"padding-bottom:40px;padding-top:40px;padding-left:20%;padding-right:20%;\" data-section-id=\"80be77516f8\">\r\n\t\t\t\t\r\n\t\t\t\t\r\n\t\t\t\t<div class=\"dslc-modules-section-wrapper dslc-clearfix\"><div class=\"dslc-modules-area dslc-col dslc-12-col dslc-last-col dslc-valign- \" data-size=\"12\" data-valign=\"\">\r\n\t\t<div id=\"dslc-module-9ec39a1db83\" class=\"dslc-module-front dslc-module-DSLC_Image dslc-in-viewport-check dslc-in-viewport-anim-none  dslc-col dslc-12-col dslc-last-col  dslc-module-handle-like-regular \" data-module-id=\"9ec39a1db83\" data-module=\"DSLC_Image\" data-dslc-module-size=\"12\" data-dslc-anim=\"none\" data-dslc-anim-delay=\"\" data-dslc-anim-duration=\"650\"  data-dslc-anim-easing=\"ease\" data-dslc-preset=\"none\" >\r\n\r\n\t\t\t\r\n\t\t\t\r\n\t\t\t\t<div class=\"dslc-image-container\">\r\n\t\t<div class=\"dslc-image\">\r\n\r\n\t\t\t\r\n\t\t\t\t\r\n\t\t\t\t\t\t\t\t\t<img src=\"https:\/\/baptiste-chloe-mariage2024.fr\/wp-content\/uploads\/2023\/10\/fleurs_site_horizontale.jpg\" alt=\"\" title=\"\" srcset=\"https:\/\/baptiste-chloe-mariage2024.fr\/wp-content\/uploads\/2023\/10\/fleurs_site_horizontale.jpg 1390w, https:\/\/baptiste-chloe-mariage2024.fr\/wp-content\/uploads\/2023\/10\/fleurs_site_horizontale-300x83.jpg 300w, https:\/\/baptiste-chloe-mariage2024.fr\/wp-content\/uploads\/2023\/10\/fleurs_site_horizontale-1024x284.jpg 1024w, https:\/\/baptiste-chloe-mariage2024.fr\/wp-content\/uploads\/2023\/10\/fleurs_site_horizontale-768x213.jpg 768w\" sizes=\"(max-width: 1390px) 100vw, 1390px\" \/>\r\n\t\t\t\t\r\n\t\t\t\t\t\t\t\t\t<\/div><!-- .dslc-image -->\r\n\t\t<\/div>\r\n\t\t\r\n\t\t\t\t<\/div><!-- .dslc-module -->\r\n\t\t\r\n\t\t<div id=\"dslc-module-ac8e3a98eca\" class=\"dslc-module-front dslc-module-DSLC_Text_Simple dslc-in-viewport-check dslc-in-viewport-anim-none  dslc-col dslc-12-col dslc-last-col  dslc-module-handle-like-regular \" data-module-id=\"ac8e3a98eca\" data-module=\"DSLC_Text_Simple\" data-dslc-module-size=\"12\" data-dslc-anim=\"none\" data-dslc-anim-delay=\"\" data-dslc-anim-duration=\"650\"  data-dslc-anim-easing=\"ease\" data-dslc-preset=\"none\" >\r\n\r\n\t\t\t\r\n\t\t\t\r\n\t\t\r\n\t\t<div class=\"dslc-text-module-content\">\r\n\t\t\t<h1>\u00a0<\/h1><h1 style=\"text-align: center;\">Dress code<\/h1><p style=\"text-align: center;\">A l'occasion de notre mariage, nous vous proposons un voyage dans le temps. Direction les ann\u00e9es 30 !<\/p><p style=\"text-align: center;\">Vos inspirations peuvent venir de Gatsby le magnifique, Downton abbey ou Peaky Blinders.\u00a0Pas besoin de vous d\u00e9guiser, une touche r\u00e9tro ajout\u00e9e \u00e0 votre tenue sera suffisante.<\/p><p style=\"text-align: center;\">Nous avons h\u00e2te de vous voir avec vos gants, b\u00e9rets, collier de perle et autres accessoires d'\u00e9poque !<\/p>\t\t<\/div>\r\n\r\n\t\t\r\n\t\t\t\t<\/div><!-- .dslc-module -->\r\n\t\t<\/div><\/div><\/div>\r\n\t\t<div  class=\"dslc-modules-section \" style=\"padding-bottom:79px;padding-top:79px;\" data-section-id=\"645333a1aae\">\r\n\t\t\t\t\r\n\t\t\t\t\r\n\t\t\t\t<div class=\"dslc-modules-section-wrapper dslc-clearfix\"><div class=\"dslc-modules-area dslc-col dslc-12-col dslc-last-col dslc-valign- \" data-size=\"12\" data-valign=\"\">\r\n\t\t<div id=\"dslc-module-48bb258ed30\" class=\"dslc-module-front dslc-module-DSLC_Image dslc-in-viewport-check dslc-in-viewport-anim-none  dslc-col dslc-4-col  dslc-module-handle-like-regular \" data-module-id=\"48bb258ed30\" data-module=\"DSLC_Image\" data-dslc-module-size=\"4\" data-dslc-anim=\"none\" data-dslc-anim-delay=\"\" data-dslc-anim-duration=\"650\"  data-dslc-anim-easing=\"ease\" data-dslc-preset=\"none\" >\r\n\r\n\t\t\t\r\n\t\t\t\r\n\t\t\t\t<div class=\"dslc-image-container\">\r\n\t\t<div class=\"dslc-image\">\r\n\r\n\t\t\t\r\n\t\t\t\t\r\n\t\t\t\t\t\t\t\t\t<img src=\"https:\/\/baptiste-chloe-mariage2024.fr\/wp-content\/uploads\/2023\/10\/73cdc84cac77f95584f8e38b0c907345.jpg\" alt=\"\" title=\"\" srcset=\"https:\/\/baptiste-chloe-mariage2024.fr\/wp-content\/uploads\/2023\/10\/73cdc84cac77f95584f8e38b0c907345.jpg 563w, https:\/\/baptiste-chloe-mariage2024.fr\/wp-content\/uploads\/2023\/10\/73cdc84cac77f95584f8e38b0c907345-300x200.jpg 300w\" sizes=\"(max-width: 563px) 100vw, 563px\" \/>\r\n\t\t\t\t\r\n\t\t\t\t\t\t\t\t\t<\/div><!-- .dslc-image -->\r\n\t\t<\/div>\r\n\t\t\r\n\t\t\t\t<\/div><!-- .dslc-module -->\r\n\t\t\r\n\t\t<div id=\"dslc-module-8481p1pb7mg\" class=\"dslc-module-front dslc-module-DSLC_Image dslc-in-viewport-check dslc-in-viewport-anim-none  dslc-col dslc-4-col  dslc-module-handle-like-regular \" data-module-id=\"8481p1pb7mg\" data-module=\"DSLC_Image\" data-dslc-module-size=\"4\" data-dslc-anim=\"none\" data-dslc-anim-delay=\"\" data-dslc-anim-duration=\"650\"  data-dslc-anim-easing=\"ease\" data-dslc-preset=\"none\" >\r\n\r\n\t\t\t\r\n\t\t\t\r\n\t\t\t\t<div class=\"dslc-image-container\">\r\n\t\t<div class=\"dslc-image\">\r\n\r\n\t\t\t\r\n\t\t\t\t\r\n\t\t\t\t\t\t\t\t\t<img src=\"https:\/\/baptiste-chloe-mariage2024.fr\/wp-content\/uploads\/2023\/10\/f82a77d9cfa17e45d1beea7111da2ce4.jpg\" alt=\"\" title=\"\" srcset=\"https:\/\/baptiste-chloe-mariage2024.fr\/wp-content\/uploads\/2023\/10\/f82a77d9cfa17e45d1beea7111da2ce4.jpg 564w, https:\/\/baptiste-chloe-mariage2024.fr\/wp-content\/uploads\/2023\/10\/f82a77d9cfa17e45d1beea7111da2ce4-300x200.jpg 300w\" sizes=\"(max-width: 564px) 100vw, 564px\" \/>\r\n\t\t\t\t\r\n\t\t\t\t\t\t\t\t\t<\/div><!-- .dslc-image -->\r\n\t\t<\/div>\r\n\t\t\r\n\t\t\t\t<\/div><!-- .dslc-module -->\r\n\t\t\r\n\t\t<div id=\"dslc-module-81s1bck2d1s\" class=\"dslc-module-front dslc-module-DSLC_Image dslc-in-viewport-check dslc-in-viewport-anim-none  dslc-col dslc-4-col dslc-last-col  dslc-module-handle-like-regular \" data-module-id=\"81s1bck2d1s\" data-module=\"DSLC_Image\" data-dslc-module-size=\"4\" data-dslc-anim=\"none\" data-dslc-anim-delay=\"\" data-dslc-anim-duration=\"650\"  data-dslc-anim-easing=\"ease\" data-dslc-preset=\"none\" >\r\n\r\n\t\t\t\r\n\t\t\t\r\n\t\t\t\t<div class=\"dslc-image-container\">\r\n\t\t<div class=\"dslc-image\">\r\n\r\n\t\t\t\r\n\t\t\t\t\r\n\t\t\t\t\t\t\t\t\t<img src=\"https:\/\/baptiste-chloe-mariage2024.fr\/wp-content\/uploads\/2023\/10\/19adfa15afaff77a6c884b1078521f5c.jpg\" alt=\"\" title=\"\" srcset=\"https:\/\/baptiste-chloe-mariage2024.fr\/wp-content\/uploads\/2023\/10\/19adfa15afaff77a6c884b1078521f5c.jpg 564w, https:\/\/baptiste-chloe-mariage2024.fr\/wp-content\/uploads\/2023\/10\/19adfa15afaff77a6c884b1078521f5c-300x200.jpg 300w\" sizes=\"(max-width: 564px) 100vw, 564px\" \/>\r\n\t\t\t\t\r\n\t\t\t\t\t\t\t\t\t<\/div><!-- .dslc-image -->\r\n\t\t<\/div>\r\n\t\t\r\n\t\t\t\t<\/div><!-- .dslc-module -->\r\n\t\t<\/div><\/div><\/div>\r\n\t\t<div  class=\"dslc-modules-section \" style=\"\" data-section-id=\"645333a1aae\">\r\n\t\t\t\t\r\n\t\t\t\t\r\n\t\t\t\t<div class=\"dslc-modules-section-wrapper dslc-clearfix\"><div class=\"dslc-modules-area dslc-col dslc-12-col dslc-last-col dslc-valign- \" data-size=\"12\" data-valign=\"\">\r\n\t\t<div id=\"dslc-module-b32d130cc3e\" class=\"dslc-module-front dslc-module-DSLC_Image dslc-in-viewport-check dslc-in-viewport-anim-none  dslc-col dslc-3-col  dslc-module-handle-like-regular \" data-module-id=\"b32d130cc3e\" data-module=\"DSLC_Image\" data-dslc-module-size=\"3\" data-dslc-anim=\"none\" data-dslc-anim-delay=\"\" data-dslc-anim-duration=\"650\"  data-dslc-anim-easing=\"ease\" data-dslc-preset=\"none\" >\r\n\r\n\t\t\t\r\n\t\t\t\r\n\t\t\t\t<div class=\"dslc-image-container\">\r\n\t\t<div class=\"dslc-image\">\r\n\r\n\t\t\t\r\n\t\t\t\t\r\n\t\t\t\t\t\t\t\t\t<img src=\"https:\/\/baptiste-chloe-mariage2024.fr\/wp-content\/uploads\/2023\/10\/abc24ff8c27d0e5d25b4e0fefd48f577.jpg\" alt=\"\" title=\"\" srcset=\"https:\/\/baptiste-chloe-mariage2024.fr\/wp-content\/uploads\/2023\/10\/abc24ff8c27d0e5d25b4e0fefd48f577.jpg 564w, https:\/\/baptiste-chloe-mariage2024.fr\/wp-content\/uploads\/2023\/10\/abc24ff8c27d0e5d25b4e0fefd48f577-202x300.jpg 202w\" sizes=\"(max-width: 564px) 100vw, 564px\" \/>\r\n\t\t\t\t\r\n\t\t\t\t\t\t\t\t\t<\/div><!-- .dslc-image -->\r\n\t\t<\/div>\r\n\t\t\r\n\t\t\t\t<\/div><!-- .dslc-module -->\r\n\t\t\r\n\t\t<div id=\"dslc-module-4vqv6rq0c1g\" class=\"dslc-module-front dslc-module-DSLC_Image dslc-in-viewport-check dslc-in-viewport-anim-none  dslc-col dslc-3-col  dslc-module-handle-like-regular \" data-module-id=\"4vqv6rq0c1g\" data-module=\"DSLC_Image\" data-dslc-module-size=\"3\" data-dslc-anim=\"none\" data-dslc-anim-delay=\"\" data-dslc-anim-duration=\"650\"  data-dslc-anim-easing=\"ease\" data-dslc-preset=\"none\" >\r\n\r\n\t\t\t\r\n\t\t\t\r\n\t\t\t\t<div class=\"dslc-image-container\">\r\n\t\t<div class=\"dslc-image\">\r\n\r\n\t\t\t\r\n\t\t\t\t\r\n\t\t\t\t\t\t\t\t\t<img src=\"https:\/\/baptiste-chloe-mariage2024.fr\/wp-content\/uploads\/2023\/10\/4b147125ccac8df41f129bf6c4c3462c.jpg\" alt=\"\" title=\"\" srcset=\"https:\/\/baptiste-chloe-mariage2024.fr\/wp-content\/uploads\/2023\/10\/4b147125ccac8df41f129bf6c4c3462c.jpg 564w, https:\/\/baptiste-chloe-mariage2024.fr\/wp-content\/uploads\/2023\/10\/4b147125ccac8df41f129bf6c4c3462c-200x300.jpg 200w\" sizes=\"(max-width: 564px) 100vw, 564px\" \/>\r\n\t\t\t\t\r\n\t\t\t\t\t\t\t\t\t<\/div><!-- .dslc-image -->\r\n\t\t<\/div>\r\n\t\t\r\n\t\t\t\t<\/div><!-- .dslc-module -->\r\n\t\t\r\n\t\t<div id=\"dslc-module-ln6pu59ceuo\" class=\"dslc-module-front dslc-module-DSLC_Image dslc-in-viewport-check dslc-in-viewport-anim-none  dslc-col dslc-3-col  dslc-module-handle-like-regular \" data-module-id=\"ln6pu59ceuo\" data-module=\"DSLC_Image\" data-dslc-module-size=\"3\" data-dslc-anim=\"none\" data-dslc-anim-delay=\"\" data-dslc-anim-duration=\"650\"  data-dslc-anim-easing=\"ease\" data-dslc-preset=\"none\" >\r\n\r\n\t\t\t\r\n\t\t\t\r\n\t\t\t\t<div class=\"dslc-image-container\">\r\n\t\t<div class=\"dslc-image\">\r\n\r\n\t\t\t\r\n\t\t\t\t\r\n\t\t\t\t\t\t\t\t\t<img src=\"https:\/\/baptiste-chloe-mariage2024.fr\/wp-content\/uploads\/2023\/10\/0673d8f3eae697ace1f433237dee79ae.jpg\" alt=\"\" title=\"\" srcset=\"https:\/\/baptiste-chloe-mariage2024.fr\/wp-content\/uploads\/2023\/10\/0673d8f3eae697ace1f433237dee79ae.jpg 564w, https:\/\/baptiste-chloe-mariage2024.fr\/wp-content\/uploads\/2023\/10\/0673d8f3eae697ace1f433237dee79ae-200x300.jpg 200w\" sizes=\"(max-width: 564px) 100vw, 564px\" \/>\r\n\t\t\t\t\r\n\t\t\t\t\t\t\t\t\t<\/div><!-- .dslc-image -->\r\n\t\t<\/div>\r\n\t\t\r\n\t\t\t\t<\/div><!-- .dslc-module -->\r\n\t\t\r\n\t\t<div id=\"dslc-module-22ej472p3f8\" class=\"dslc-module-front dslc-module-DSLC_Image dslc-in-viewport-check dslc-in-viewport-anim-none  dslc-col dslc-3-col dslc-last-col  dslc-module-handle-like-regular \" data-module-id=\"22ej472p3f8\" data-module=\"DSLC_Image\" data-dslc-module-size=\"3\" data-dslc-anim=\"none\" data-dslc-anim-delay=\"\" data-dslc-anim-duration=\"650\"  data-dslc-anim-easing=\"ease\" data-dslc-preset=\"none\" >\r\n\r\n\t\t\t\r\n\t\t\t\r\n\t\t\t\t<div class=\"dslc-image-container\">\r\n\t\t<div class=\"dslc-image\">\r\n\r\n\t\t\t\r\n\t\t\t\t\r\n\t\t\t\t\t\t\t\t\t<img src=\"https:\/\/baptiste-chloe-mariage2024.fr\/wp-content\/uploads\/2023\/10\/kimono.jpg\" alt=\"\" title=\"\" srcset=\"https:\/\/baptiste-chloe-mariage2024.fr\/wp-content\/uploads\/2023\/10\/kimono.jpg 564w, https:\/\/baptiste-chloe-mariage2024.fr\/wp-content\/uploads\/2023\/10\/kimono-200x300.jpg 200w\" sizes=\"(max-width: 564px) 100vw, 564px\" \/>\r\n\t\t\t\t\r\n\t\t\t\t\t\t\t\t\t<\/div><!-- .dslc-image -->\r\n\t\t<\/div>\r\n\t\t\r\n\t\t\t\t<\/div><!-- .dslc-module -->\r\n\t\t<\/div><\/div><\/div><\/div><\/div>","protected":false},"excerpt":{"rendered":"<p>\u00a0Dress codeA l&#8217;occasion de notre mariage, nous vous proposons un voyage dans le temps. Direction les ann\u00e9es 30 !Vos inspirations peuvent venir de Gatsby le magnifique, Downton abbey ou Peaky Blinders.\u00a0Pas besoin de vous d\u00e9guiser, une touche r\u00e9tro ajout\u00e9e \u00e0 votre tenue sera suffisante.Nous avons h\u00e2te de vous voir avec vos gants, b\u00e9rets, collier de &#8230; <a title=\"Dress code\" class=\"read-more\" href=\"https:\/\/baptiste-chloe-mariage2024.fr\/?page_id=33\" aria-label=\"More on Dress code\">Read more<\/a><\/p>\n","protected":false},"author":1,"featured_media":0,"parent":0,"menu_order":0,"comment_status":"closed","ping_status":"closed","template":"","meta":{"footnotes":""},"class_list":["post-33","page","type-page","status-publish"],"_links":{"self":[{"href":"https:\/\/baptiste-chloe-mariage2024.fr\/index.php?rest_route=\/wp\/v2\/pages\/33","targetHints":{"allow":["GET"]}}],"collection":[{"href":"https:\/\/baptiste-chloe-mariage2024.fr\/index.php?rest_route=\/wp\/v2\/pages"}],"about":[{"href":"https:\/\/baptiste-chloe-mariage2024.fr\/index.php?rest_route=\/wp\/v2\/types\/page"}],"author":[{"embeddable":true,"href":"https:\/\/baptiste-chloe-mariage2024.fr\/index.php?rest_route=\/wp\/v2\/users\/1"}],"replies":[{"embeddable":true,"href":"https:\/\/baptiste-chloe-mariage2024.fr\/index.php?rest_route=%2Fwp%2Fv2%2Fcomments&post=33"}],"version-history":[{"count":1,"href":"https:\/\/baptiste-chloe-mariage2024.fr\/index.php?rest_route=\/wp\/v2\/pages\/33\/revisions"}],"predecessor-version":[{"id":34,"href":"https:\/\/baptiste-chloe-mariage2024.fr\/index.php?rest_route=\/wp\/v2\/pages\/33\/revisions\/34"}],"wp:attachment":[{"href":"https:\/\/baptiste-chloe-mariage2024.fr\/index.php?rest_route=%2Fwp%2Fv2%2Fmedia&parent=33"}],"curies":[{"name":"wp","href":"https:\/\/api.w.org\/{rel}","templated":true}]}}