{"id":52,"date":"2023-10-14T11:01:46","date_gmt":"2023-10-14T09:01:46","guid":{"rendered":"https:\/\/baptiste-chloe-mariage2024.fr\/?page_id=52"},"modified":"2023-10-14T11:16:33","modified_gmt":"2023-10-14T09:16:33","slug":"page-accueil","status":"publish","type":"page","link":"https:\/\/baptiste-chloe-mariage2024.fr\/","title":{"rendered":"Page accueil"},"content":{"rendered":"<div id=\"dslc-content\" class=\"dslc-content dslc-clearfix\"><div id=\"dslc-main\">\r\n\t\t<div  class=\"dslc-modules-section  dslc-init-parallax  dslc-full  dslc-no-columns-spacing \" style=\"padding-bottom:250px;padding-top:250px;padding-left:30%;padding-right:30%;background-image:url(https:\/\/baptiste-chloe-mariage2024.fr\/wp-content\/uploads\/2023\/10\/MD_05326-scaled.jpg);background-repeat:no-repeat;background-position:center center;background-attachment:parallax;background-size:cover;\" data-section-id=\"dc49d8137b0\">\r\n\t\t\t\t\r\n\t\t\t\t\r\n\t\t\t\t<div class=\"dslc-modules-section-wrapper dslc-clearfix\"><div class=\"dslc-modules-area dslc-col dslc-12-col dslc-last-col dslc-valign- \" data-size=\"12\" data-valign=\"\"><\/div><\/div><\/div>\r\n\t\t<div  class=\"dslc-modules-section  dslc-full  dslc-no-columns-spacing \" style=\"margin-left:1%;margin-right:1%;padding-bottom:35px;padding-top:35px;padding-left:12%;padding-right:12%;\" data-section-id=\"dc49d8137b0\">\r\n\t\t\t\t\r\n\t\t\t\t\r\n\t\t\t\t<div class=\"dslc-modules-section-wrapper dslc-clearfix\"><div class=\"dslc-modules-area dslc-col dslc-12-col dslc-last-col dslc-valign- \" data-size=\"12\" data-valign=\"\">\r\n\t\t<div id=\"dslc-module-0696e369c07\" class=\"dslc-module-front dslc-module-DSLC_Image dslc-in-viewport-check dslc-in-viewport-anim-none  dslc-col dslc-3-col  dslc-module-handle-like-regular \" data-module-id=\"0696e369c07\" data-module=\"DSLC_Image\" data-dslc-module-size=\"3\" data-dslc-anim=\"none\" data-dslc-anim-delay=\"\" data-dslc-anim-duration=\"650\"  data-dslc-anim-easing=\"ease\" data-dslc-preset=\"none\" >\r\n\r\n\t\t\t\r\n\t\t\t\r\n\t\t\t\t<div class=\"dslc-image-container\">\r\n\t\t<div class=\"dslc-image\">\r\n\r\n\t\t\t\r\n\t\t\t\t\r\n\t\t\t\t\t\t\t\t\t<img src=\"https:\/\/baptiste-chloe-mariage2024.fr\/wp-content\/uploads\/2023\/10\/fleurs_site_internet.jpg\" alt=\"\" title=\"\" srcset=\"https:\/\/baptiste-chloe-mariage2024.fr\/wp-content\/uploads\/2023\/10\/fleurs_site_internet.jpg 385w, https:\/\/baptiste-chloe-mariage2024.fr\/wp-content\/uploads\/2023\/10\/fleurs_site_internet-125x300.jpg 125w\" sizes=\"(max-width: 385px) 100vw, 385px\" \/>\r\n\t\t\t\t\r\n\t\t\t\t\t\t\t\t\t<\/div><!-- .dslc-image -->\r\n\t\t<\/div>\r\n\t\t\r\n\t\t\t\t<\/div><!-- .dslc-module -->\r\n\t\t\r\n\t\t<div id=\"dslc-module-cbd51c98eb8\" class=\"dslc-module-front dslc-module-DSLC_Text_Simple dslc-in-viewport-check dslc-in-viewport-anim-none  dslc-col dslc-6-col  dslc-module-handle-like-regular \" data-module-id=\"cbd51c98eb8\" data-module=\"DSLC_Text_Simple\" data-dslc-module-size=\"6\" data-dslc-anim=\"none\" data-dslc-anim-delay=\"\" data-dslc-anim-duration=\"650\"  data-dslc-anim-easing=\"ease\" data-dslc-preset=\"none\" >\r\n\r\n\t\t\t\r\n\t\t\t\r\n\t\t\r\n\t\t<div class=\"dslc-text-module-content\">\r\n\t\t\t<h1 style=\"text-align: center;\">Le jour J<\/h1><p style=\"text-align: center;\">Le mariage a lieu le 25 mai 2024.<\/p><p>\u00a0<\/p><h2 class=\"wp-block-heading has-text-align-center\" style=\"text-align: center;\">14h30<\/h2><p class=\"has-text-align-center\" style=\"text-align: center;\">C\u00e9l\u00e9bration \u00e0 l\u2019\u00e9glise\u00a0<a href=\"https:\/\/www.google.com\/maps\/place\/%C3%89glise+Notre-Dame+de+Gr%C3%A2ce+de+Loos\/@50.6174908,3.0131289,16.56z\/data=!4m6!3m5!1s0x47c2d538353985a1:0xe5c566d9ba8f8916!8m2!3d50.6171756!4d3.0140724!16s%2Fg%2F11byxfb257?entry=ttu\" target=\"_blank\" rel=\"noreferrer noopener\">Notre-Dame-De-Grace \u00e0 Loos<\/a><\/p><h2 class=\"wp-block-heading has-text-align-center\" style=\"text-align: center;\">16h<\/h2><p class=\"has-text-align-center\" style=\"text-align: center;\">Accueil au\u00a0<a href=\"https:\/\/www.google.com\/maps\/place\/Ch%C3%A2teau\/@50.6518649,3.3366215,16.82z\/data=!4m10!1m2!2m1!1sch%C3%A2teau+de+Ramegnies-Chin+%C3%A0+Tournai!3m6!1s0x47c3208ca38585c9:0xf91fc0db189b3122!8m2!3d50.6514506!4d3.3377067!15sCiVjaMOidGVhdSBkZSBSYW1lZ25pZXMtQ2hpbiDDoCBUb3VybmFpWiciJWNow6J0ZWF1IGRlIHJhbWVnbmllcyBjaGluIMOgIHRvdXJuYWmSAQZjYXN0bGWaASRDaGREU1VoTk1HOW5TMFZKUTBGblNVUjFiWFJMYTI1blJSQULgAQA!16s%2Fg%2F1tjxdtny?entry=ttu\" target=\"_blank\" rel=\"noreferrer noopener\">ch\u00e2teau de Ramegnies-Chin \u00e0 Tournai<\/a><\/p><p class=\"has-text-align-center\" style=\"text-align: center;\">Pas de panique, le lieu est indiqu\u00e9 comme d\u00e9finitivement ferm\u00e9 sur google, mais c\u2019est bien l\u00e0 que \u00e7a se passe\u00a0<\/p><h2 class=\"wp-block-heading has-text-align-center\" style=\"text-align: center;\">17h<\/h2><p class=\"has-text-align-center\" style=\"text-align: center;\">D\u00e9but du vin d\u2019honneur<\/p><h2 class=\"wp-block-heading has-text-align-center\" style=\"text-align: center;\">20h<\/h2><p class=\"has-text-align-center\" style=\"text-align: center;\">Repas<\/p>\t\t<\/div>\r\n\r\n\t\t\r\n\t\t\t\t<\/div><!-- .dslc-module -->\r\n\t\t\r\n\t\t<div id=\"dslc-module-e0heb239c1o\" class=\"dslc-module-front dslc-module-DSLC_Image dslc-in-viewport-check dslc-in-viewport-anim-none  dslc-col dslc-3-col dslc-last-col  dslc-module-handle-like-regular \" data-module-id=\"e0heb239c1o\" data-module=\"DSLC_Image\" data-dslc-module-size=\"3\" data-dslc-anim=\"none\" data-dslc-anim-delay=\"\" data-dslc-anim-duration=\"650\"  data-dslc-anim-easing=\"ease\" data-dslc-preset=\"none\" >\r\n\r\n\t\t\t\r\n\t\t\t\r\n\t\t\t\t<div class=\"dslc-image-container\">\r\n\t\t<div class=\"dslc-image\">\r\n\r\n\t\t\t\r\n\t\t\t\t\r\n\t\t\t\t\t\t\t\t\t<img src=\"https:\/\/baptiste-chloe-mariage2024.fr\/wp-content\/uploads\/2023\/10\/fleurs_site_internet2.jpg\" alt=\"\" title=\"\" srcset=\"https:\/\/baptiste-chloe-mariage2024.fr\/wp-content\/uploads\/2023\/10\/fleurs_site_internet2.jpg 385w, https:\/\/baptiste-chloe-mariage2024.fr\/wp-content\/uploads\/2023\/10\/fleurs_site_internet2-125x300.jpg 125w\" sizes=\"(max-width: 385px) 100vw, 385px\" \/>\r\n\t\t\t\t\r\n\t\t\t\t\t\t\t\t\t<\/div><!-- .dslc-image -->\r\n\t\t<\/div>\r\n\t\t\r\n\t\t\t\t<\/div><!-- .dslc-module -->\r\n\t\t<\/div><\/div><\/div><\/div><\/div>","protected":false},"excerpt":{"rendered":"<p>Le jour JLe mariage a lieu le 25 mai 2024.\u00a014h30C\u00e9l\u00e9bration \u00e0 l\u2019\u00e9glise\u00a0Notre-Dame-De-Grace \u00e0 Loos16hAccueil au\u00a0ch\u00e2teau de Ramegnies-Chin \u00e0 TournaiPas de panique, le lieu est indiqu\u00e9 comme d\u00e9finitivement ferm\u00e9 sur google, mais c\u2019est bien l\u00e0 que \u00e7a se passe\u00a017hD\u00e9but du vin d\u2019honneur20hRepas<\/p>\n","protected":false},"author":1,"featured_media":0,"parent":0,"menu_order":0,"comment_status":"closed","ping_status":"closed","template":"","meta":{"footnotes":""},"class_list":["post-52","page","type-page","status-publish"],"_links":{"self":[{"href":"https:\/\/baptiste-chloe-mariage2024.fr\/index.php?rest_route=\/wp\/v2\/pages\/52","targetHints":{"allow":["GET"]}}],"collection":[{"href":"https:\/\/baptiste-chloe-mariage2024.fr\/index.php?rest_route=\/wp\/v2\/pages"}],"about":[{"href":"https:\/\/baptiste-chloe-mariage2024.fr\/index.php?rest_route=\/wp\/v2\/types\/page"}],"author":[{"embeddable":true,"href":"https:\/\/baptiste-chloe-mariage2024.fr\/index.php?rest_route=\/wp\/v2\/users\/1"}],"replies":[{"embeddable":true,"href":"https:\/\/baptiste-chloe-mariage2024.fr\/index.php?rest_route=%2Fwp%2Fv2%2Fcomments&post=52"}],"version-history":[{"count":1,"href":"https:\/\/baptiste-chloe-mariage2024.fr\/index.php?rest_route=\/wp\/v2\/pages\/52\/revisions"}],"predecessor-version":[{"id":53,"href":"https:\/\/baptiste-chloe-mariage2024.fr\/index.php?rest_route=\/wp\/v2\/pages\/52\/revisions\/53"}],"wp:attachment":[{"href":"https:\/\/baptiste-chloe-mariage2024.fr\/index.php?rest_route=%2Fwp%2Fv2%2Fmedia&parent=52"}],"curies":[{"name":"wp","href":"https:\/\/api.w.org\/{rel}","templated":true}]}}